{"id":4080,"date":"2023-11-08T19:18:33","date_gmt":"2023-11-09T00:18:33","guid":{"rendered":"https:\/\/rtapiecesdauto.com\/politica-de-privacidad\/"},"modified":"2024-03-08T14:44:50","modified_gmt":"2024-03-08T19:44:50","slug":"politica-de-privacidad","status":"publish","type":"page","link":"https:\/\/rtapiecesdauto.com\/es\/politica-de-privacidad\/","title":{"rendered":"Pol\u00edtica de privacidad"},"content":{"rendered":"<div class=\"fusion-fullwidth fullwidth-box fusion-builder-row-1 fusion-flex-container has-pattern-background has-mask-background nonhundred-percent-fullwidth non-hundred-percent-height-scrolling\" style=\"--awb-border-radius-top-left:0px;--awb-border-radius-top-right:0px;--awb-border-radius-bottom-right:0px;--awb-border-radius-bottom-left:0px;--awb-flex-wrap:wrap;\" ><div class=\"fusion-builder-row fusion-row fusion-flex-align-items-flex-start fusion-flex-content-wrap\" style=\"max-width:1372.8px;margin-left: calc(-4% \/ 2 );margin-right: calc(-4% \/ 2 );\"><div class=\"fusion-layout-column fusion_builder_column fusion-builder-column-0 fusion_builder_column_1_1 1_1 fusion-flex-column\" style=\"--awb-bg-size:cover;--awb-width-large:100%;--awb-margin-top-large:0px;--awb-spacing-right-large:1.92%;--awb-margin-bottom-large:20px;--awb-spacing-left-large:1.92%;--awb-width-medium:100%;--awb-order-medium:0;--awb-spacing-right-medium:1.92%;--awb-spacing-left-medium:1.92%;--awb-width-small:100%;--awb-order-small:0;--awb-spacing-right-small:1.92%;--awb-spacing-left-small:1.92%;\"><div class=\"fusion-column-wrapper fusion-column-has-shadow fusion-flex-justify-content-flex-start fusion-content-layout-column\"><div class=\"fusion-title title fusion-title-1 fusion-sep-none fusion-title-text fusion-title-size-two\"><h2 class=\"fusion-title-heading title-heading-left fusion-responsive-typography-calculated\" style=\"margin:0;--fontSize:44;line-height:1.4;\">Pol\u00edtica de privacidad y uso de cookies para la ley 25<\/h2><\/div><div class=\"fusion-text fusion-text-1\"><p>En RTA Pi\u00e8ces d&#8217;autos, nos comprometemos a proteger su privacidad y a cumplir con toda la legislaci\u00f3n aplicable, incluida la Ley 25. Esta pol\u00edtica de privacidad explica c\u00f3mo utilizamos las cookies en nuestro sitio web de conformidad con los requisitos legales. Le rogamos que lea atentamente esta pol\u00edtica para comprender c\u00f3mo utilizamos las cookies y c\u00f3mo puede gestionarlas.<\/p>\n<ol>\n<li>\u00bfQu\u00e9 es una galleta? Una cookie es un peque\u00f1o archivo de texto que se almacena en su dispositivo cuando visita un sitio web. Contiene informaci\u00f3n an\u00f3nima sobre su visita, como las p\u00e1ginas que ha consultado, la duraci\u00f3n de su visita, las acciones que ha realizado y las preferencias que ha elegido.<\/li>\n<li>Uso de cookies En nuestro sitio web utilizamos cookies con varios fines, entre ellos:<\/li>\n<\/ol>\n<ul>\n<li>Para mejorar su experiencia de navegaci\u00f3n recordando sus preferencias y ofreci\u00e9ndole contenidos personalizados.<\/li>\n<li>Analizar el uso de nuestro sitio web para mejorar su rendimiento y comprender las tendencias y preferencias de los usuarios.<\/li>\n<li>Para ofrecer publicidad personalizada basada en sus intereses e historial de navegaci\u00f3n.<\/li>\n<\/ul>\n<ol start=\"3\">\n<li>Tipos de cookies utilizadas En nuestro sitio web utilizamos los siguientes tipos de cookies:<\/li>\n<\/ol>\n<ul>\n<li>Cookies de funcionalidad: permiten que el sitio web recuerde las elecciones que usted hace (como su nombre de usuario, idioma preferido, etc.) para ofrecerle una experiencia personalizada y mejorada en futuras visitas.<\/li>\n<li>Cookies de an\u00e1lisis: estas cookies nos ayudan a analizar y comprender c\u00f3mo utiliza nuestro sitio web, para que podamos mejorar su facilidad de uso, funcionalidad y contenido.<\/li>\n<li>Cookies publicitarias: estas cookies se utilizan para mostrar publicidad relevante basada en sus intereses e historial de navegaci\u00f3n.<\/li>\n<\/ul>\n<ol start=\"4\">\n<li>Gesti\u00f3n de las cookies Puede desactivar o eliminar las cookies modificando la configuraci\u00f3n de su navegador. Tenga en cuenta que desactivar las cookies puede afectar a determinadas funciones de nuestro sitio web y limitar su experiencia de navegaci\u00f3n.<\/li>\n<li>Intercambio de datos No vendemos ni alquilamos sus datos personales a terceros con fines publicitarios. Sin embargo, podemos compartir su informaci\u00f3n no personal, como datos de uso an\u00f3nimos, con terceros con fines de an\u00e1lisis o publicidad dirigida.<\/li>\n<li>Cambios en la pol\u00edtica de privacidad Nos reservamos el derecho de cambiar esta pol\u00edtica de privacidad en cualquier momento de acuerdo con la ley. Cualquier cambio se publicar\u00e1 en nuestro sitio web y entrar\u00e1 en vigor inmediatamente despu\u00e9s de su publicaci\u00f3n. El uso continuado de nuestro sitio web implica la aceptaci\u00f3n de estos cambios.<\/li>\n<\/ol>\n<p>Si tiene alguna pregunta o duda sobre nuestra pol\u00edtica de privacidad o el uso de cookies, p\u00f3ngase en contacto con nosotros:<\/p>\n<p>Serge Nadeau<br \/>\nsn@rtapiecesdauto.com<br \/>\n1-888-361-7749<\/p>\n<\/div><\/div><\/div><\/div><\/div>\n","protected":false},"excerpt":{"rendered":"","protected":false},"author":1,"featured_media":0,"parent":0,"menu_order":0,"comment_status":"closed","ping_status":"closed","template":"100-width.php","meta":{"footnotes":""},"class_list":["post-4080","page","type-page","status-publish","hentry"],"_links":{"self":[{"href":"https:\/\/rtapiecesdauto.com\/es\/wp-json\/wp\/v2\/pages\/4080","targetHints":{"allow":["GET"]}}],"collection":[{"href":"https:\/\/rtapiecesdauto.com\/es\/wp-json\/wp\/v2\/pages"}],"about":[{"href":"https:\/\/rtapiecesdauto.com\/es\/wp-json\/wp\/v2\/types\/page"}],"author":[{"embeddable":true,"href":"https:\/\/rtapiecesdauto.com\/es\/wp-json\/wp\/v2\/users\/1"}],"replies":[{"embeddable":true,"href":"https:\/\/rtapiecesdauto.com\/es\/wp-json\/wp\/v2\/comments?post=4080"}],"version-history":[{"count":2,"href":"https:\/\/rtapiecesdauto.com\/es\/wp-json\/wp\/v2\/pages\/4080\/revisions"}],"predecessor-version":[{"id":4089,"href":"https:\/\/rtapiecesdauto.com\/es\/wp-json\/wp\/v2\/pages\/4080\/revisions\/4089"}],"wp:attachment":[{"href":"https:\/\/rtapiecesdauto.com\/es\/wp-json\/wp\/v2\/media?parent=4080"}],"curies":[{"name":"wp","href":"https:\/\/api.w.org\/{rel}","templated":true}]}}